{"id":89,"date":"2023-04-11T18:22:07","date_gmt":"2023-04-11T16:22:07","guid":{"rendered":"https:\/\/ambasciatapraga.esteri.it\/?page_id=89"},"modified":"2026-04-21T20:12:11","modified_gmt":"2026-04-21T15:12:11","slug":"visti","status":"publish","type":"page","link":"https:\/\/ambislamabad.esteri.it\/it\/servizi-consolari-e-visti\/servizi-per-il-cittadino-straniero\/visti\/","title":{"rendered":"Visti"},"content":{"rendered":"<p><strong>PRIMA DI INIZIARE, DOVRESTI SAPERE CHE &#8230;<\/strong><\/p>\n<p align=\"center\"><strong>Regole generali e istruzioni pratiche<\/strong><\/p>\n<ul>\n<li>Una procedura guidata ti aiuter\u00e0 a decidere se \u00e8 necessario richiedere un visto in base alla nazionalit\u00e0, al paese di residenza, ai motivi della visita e alla durata del soggiorno.<\/li>\n<li>Se hai bisogno di un visto per l&#8217;Italia, ti verranno fornite tutte le informazioni e i moduli necessari per presentare la domanda.<\/li>\n<li>La presentazione della documentazione richiesta non garantisce automaticamente l&#8217;emissione del visto.<\/li>\n<li>All&#8217;ingresso in Italia e nell&#8217;area Schengen, anche se si dispone di un visto, le autorit\u00e0 di frontiera sono nuovamente autorizzate a controllare i documenti richiesti per il rilascio del visto.<\/li>\n<li>Una recente Vaccinazione Polio e&#8217; obbligatoria per l&#8217;accettazione della richiesta di visto<\/li>\n<\/ul>\n<p><strong>AVVERTENZE<\/strong>: maggiori informazioni relative alle domande di visto Link:\u00a0<a href=\"http:\/\/vistoperitalia.esteri.it\/avvertenza\/en\">http:\/\/vistoperitalia.esteri.it\/avvertenza\/en<\/a><\/p>\n<p><strong>INFORMAZIONI PER GLI STRANIERI CHE INTENDONO VENIRE IN ITALIA<\/strong><\/p>\n<p>Un visto d&#8217;ingresso \u00e8 un permesso richiesto dalle persone che desiderano entrare in Italia per una visita temporanea. A seconda dello scopo e della durata del tuo soggiorno in Italia puoi richiedere:<\/p>\n<ul>\n<li><a title=\"&quot;Visto Schengen&quot; (C visto) a breve termine\" href=\"http:\/\/vistoperitalia.esteri.it\/obblighipartegenerale\/en\/C\">&#8220;Visto Schengen&#8221; (C visto) a breve termine<\/a><\/li>\n<li><a title=\"un &quot;visto nazionale italiano&quot; a lungo termine per soggiorni superiori a 90 giorni (visto D)\" href=\"http:\/\/vistoperitalia.esteri.it\/obblighidoveri\/en\">un &#8220;visto nazionale italiano&#8221; a lungo termine per soggiorni superiori a 90 giorni (visto D)<\/a><\/li>\n<\/ul>\n<p>&nbsp;<\/p>\n<p>I visti C sono generalmente rilasciati per:<\/p>\n<p>Turismo: visita a familiari o amici; Attivit\u00e0 commerciale; Cure mediche; Missione (a breve termine &#8211; meno di 90 giorni); Ricerca; Attivit\u00e0 sportive; Studio (a breve termine &#8211; meno di 90 giorni); Transito.<\/p>\n<p>I visti per soggiorni di lunga durata (visti nazionali D) sono rilasciati per soggiorni superiori a 3 mesi.<\/p>\n<p>I motivi principali per il rilascio di questo tipo di visto sono:<br \/>\nAdozione; Lavoro autonomo; Stipendiati-occupazione; Lavoro dipendente \/ attivit\u00e0 sportive; Salaryed-Employment \/ entertainment field (artisti); Stipendiati-occupazione \/ marittima; Missione; Riunione di famiglia; Motivi religiosi; Residenza elettiva; Ricerca; Rientro; Studia; Studio \/ Universit\u00e0; Studio-Apprendistato.Puoi trovare informazioni generali sui visti sopra indicati.<\/p>\n<p>Per capire la categoria di visto pi\u00f9 adatta alle tue esigenze, visita la pagina\u00a0<a title=\"Un visto per l'Italia\" href=\"http:\/\/vistoperitalia.esteri.it\/home.aspx\">Un visto per l&#8217;Italia<\/a><\/p>\n<p>&nbsp;<\/p>\n<p><strong>HO BISOGNO DI UN VISTO?<\/strong><\/p>\n<p>Domande per scoprire se hai bisogno di un visto per l&#8217;Italia<\/p>\n<p>La tua nazionalit\u00e0.<\/p>\n<p>Il tuo paese di residenza<\/p>\n<p>Durata del soggiorno<\/p>\n<p>Scopo del tuo soggiorno<\/p>\n<p>Clicca qui:\u00a0<a href=\"http:\/\/vistoperitalia.esteri.it\/home\/en\">http:\/\/vistoperitalia.esteri.it\/home\/en<\/a><\/p>\n<p><strong>DOCUMENTI DI VIAGGIO RICONOSCIUTI \/ NON RICONOSCIUTI PER ENTRARE IN UNO O\u00a0PI\u00d9\u00a0PAESI MEMBRI SCHENGEN<\/strong><\/p>\n<p>Il passaporto \\ documento di viaggio:<\/p>\n<ul>\n<li>devono essere stati emessi nei precedenti 10 anni e la loro validit\u00e0 non deve superare i 10 anni;<\/li>\n<li>avere una validit\u00e0 di almeno 3 mesi dopo il soggiorno previsto;<\/li>\n<li>avere almeno 2 pagine vuote.<\/li>\n<\/ul>\n<p>Link utili:\u00a0<a href=\"https:\/\/ec.europa.eu\/home-affairs\/sites\/homeaffairs\/files\/what-we-do\/policies\/borders-and-visas\/document-security\/docs\/part_i_travel_documents_issued_by_third_countries_and_territorial_entities_en.xlsx\">https:\/\/ec.europa.eu\/home-affairs\/sites\/homeaffairs\/files\/what-we-do\/policies\/borders-and-visas\/document-security\/docs\/part_i_travel_documents_issued_by_third_countries_and_territorial_entities_en.xlsx<\/a><\/p>\n<p>&nbsp;<\/p>\n<p><strong><br \/>\nDOVE E QUANDO POSSO RICHIEDERE IL MIO VISTO?<\/strong><\/p>\n<p>Le domande sono presentate non pi\u00f9 di <strong><u>sei mesi<\/u><\/strong> o, per i marittimi nell&#8217;espletamento delle loro mansioni, non pi\u00f9 di nove mesi prima dell&#8217;inizio del viaggio previsto e, di norma, al pi\u00f9 tardi 15 giorni di calendario prima dell&#8217;inizio del viaggio previsto. In singoli casi d&#8217;urgenza giustificati, il consolato o le autorit\u00e0 centrali possono permettere che le domande siano presentate meno di 15 giorni di calendario prima dell&#8217;inizio del viaggio previsto.<\/p>\n<p>Tipo di visto C: l&#8217;elaborazione del visto presso l&#8217;ambasciata italiana a Islamabad richiede generalmente circa 15 giorni di calendario. Alcuni casi potrebbero richiedere pi\u00f9 tempo a causa di circostanze speciali.<\/p>\n<p>Tipo di visto D: I tempi di elaborazione dei visti D sono in media pi\u00f9 lunghi, tenuto conto dell&#8217;esame molto accurato e approfondito a cui sono sottoposti (e che pu\u00f2 includere una serie di verifiche aggiuntive) e l&#8217;elevato volume di richieste.<\/p>\n<p><strong>AVVISO IMPORTANTE<\/strong><\/p>\n<p>Si prega di notare che la richiesta di un visto \u00e8 un processo che potrebbe terminare sia con l&#8217;emissione di un visto sia con un rifiuto. Siete pertanto invitati a cercare biglietti rimborsabili e prenotazioni alberghiere. In ogni caso l&#8217;Ambasciata d&#8217;Italia non \u00e8 responsabile per eventuali perdite finanziarie connesse al viaggio e in cui \u00e8 possibile sostenere se il visto non viene concesso.<\/p>\n<p>Se siete familiari di cittadini italiani o cittadini di un altro Paese dell&#8217;UE e fate domanda direttamente presso l&#8217;Ambasciata, si ricorda che il modulo di domanda di visto pu\u00f2 essere compilato online su questo sito\u00a0<a href=\"https:\/\/e-applicationvisa.esteri.it\/\">https:\/\/e-applicationvisa.esteri.it.<\/a>\u00a0La stampa del modulo completo insieme al codice a barre generato dal sistema pu\u00f2 essere inviata presso l&#8217;Ambasciata per accelerare il processo di presentazione della domanda.<\/p>\n<p>&nbsp;<\/p>\n<p><strong><br \/>\nDOVE RICHIEDERE UN VISTO:<\/strong><\/p>\n<ul>\n<li><strong>AMBASCIATA D&#8217;ITALIA A ISLAMABAD<br \/>\n<\/strong>plot 196\/208, Street 16, Enclave diplomatica<strong><br \/>\n<\/strong>+92512833183 | +92512833184<br \/>\n<a href=\"https:\/\/ambislamabad.esteri.it\/\">ambislamabad.esteri.it<\/a><\/li>\n<\/ul>\n<p><em>La Cancelleria consolare che copre il seguente distretto consolare<\/em>: Distretto della Capitale Federale, Punjab, Khyber Pkhtunkwa.<\/p>\n<ul>\n<li><strong>CONSULATE OF ITALY IN KARACHI<\/strong><strong><br \/>\n<\/strong>\u00a085, Clifton &#8211; Karachi<br \/>\n+922135870031<br \/>\n<a title=\"CONSULATE OF ITALY IN KARACHI\" href=\"https:\/\/conskarachi.esteri.it\/\" target=\"_blank\" rel=\"noopener\">conskarachi.esteri.it<\/a><\/li>\n<\/ul>\n<p><em>La Cancelleria consolare che copre il seguente distretto consolare<\/em>: Sindh, Baluchistan.<\/p>\n<p>Per facilitare la presentazione delle domande di visto, nonch\u00e9 per prendere l&#8217;appuntamento per la presentazione della domanda di visto, e\u2019 possibile consultare anche il sito del fornitore di servizi esterno <a href=\"https:\/\/theitalyvisa.com\/\"><strong>https:\/\/theitalyvisa.com\/<\/strong><\/a><\/p>\n<p>Le spese amministrative ammontano all\u2019equivalente di<strong> 90<\/strong> euro.<\/p>\n","protected":false},"excerpt":{"rendered":"PRIMA DI INIZIARE, DOVRESTI SAPERE CHE &#8230; Regole generali e istruzioni pratiche Una procedura guidata ti aiuter\u00e0 a decidere se \u00e8 necessario richiedere un visto in base alla nazionalit\u00e0, al paese di residenza, ai motivi della visita e alla durata del soggiorno. Se hai bisogno di un visto per l&#8217;Italia, ti verranno fornite tutte le [&hellip;]","protected":false},"author":1,"featured_media":0,"parent":48,"menu_order":0,"comment_status":"closed","ping_status":"closed","template":"","meta":{"footnotes":""},"class_list":["post-89","page","type-page","status-publish","hentry"],"_links":{"self":[{"href":"https:\/\/ambislamabad.esteri.it\/it\/wp-json\/wp\/v2\/pages\/89","targetHints":{"allow":["GET"]}}],"collection":[{"href":"https:\/\/ambislamabad.esteri.it\/it\/wp-json\/wp\/v2\/pages"}],"about":[{"href":"https:\/\/ambislamabad.esteri.it\/it\/wp-json\/wp\/v2\/types\/page"}],"author":[{"embeddable":true,"href":"https:\/\/ambislamabad.esteri.it\/it\/wp-json\/wp\/v2\/users\/1"}],"replies":[{"embeddable":true,"href":"https:\/\/ambislamabad.esteri.it\/it\/wp-json\/wp\/v2\/comments?post=89"}],"version-history":[{"count":6,"href":"https:\/\/ambislamabad.esteri.it\/it\/wp-json\/wp\/v2\/pages\/89\/revisions"}],"predecessor-version":[{"id":2310,"href":"https:\/\/ambislamabad.esteri.it\/it\/wp-json\/wp\/v2\/pages\/89\/revisions\/2310"}],"up":[{"embeddable":true,"href":"https:\/\/ambislamabad.esteri.it\/it\/wp-json\/wp\/v2\/pages\/48"}],"wp:attachment":[{"href":"https:\/\/ambislamabad.esteri.it\/it\/wp-json\/wp\/v2\/media?parent=89"}],"curies":[{"name":"wp","href":"https:\/\/api.w.org\/{rel}","templated":true}]}}